{"id":6286,"date":"2021-02-25T14:48:55","date_gmt":"2021-02-25T13:48:55","guid":{"rendered":"http:\/\/www.re-elektroshop.at\/?product=nachruestset-fuer-ip21-fuer-usv-avara-plus-he-300-400kva"},"modified":"2021-02-25T14:48:55","modified_gmt":"2021-02-25T13:48:55","slug":"nachruestset-fuer-ip21-fuer-usv-avara-plus-he-300-400kva","status":"publish","type":"product","link":"https:\/\/www.re-elektroshop.at\/?product=nachruestset-fuer-ip21-fuer-usv-avara-plus-he-300-400kva","title":{"rendered":"Nachr\u00fcstset f\u00fcr IP21 f\u00fcr USV AVARA Plus HE 300-400kVA"},"content":{"rendered":"","protected":false},"excerpt":{"rendered":"<p>1<\/p>\n","protected":false},"featured_media":6285,"comment_status":"open","ping_status":"closed","template":"","meta":[],"_links":{"self":[{"href":"https:\/\/www.re-elektroshop.at\/index.php?rest_route=\/wp\/v2\/product\/6286"}],"collection":[{"href":"https:\/\/www.re-elektroshop.at\/index.php?rest_route=\/wp\/v2\/product"}],"about":[{"href":"https:\/\/www.re-elektroshop.at\/index.php?rest_route=\/wp\/v2\/types\/product"}],"replies":[{"embeddable":true,"href":"https:\/\/www.re-elektroshop.at\/index.php?rest_route=%2Fwp%2Fv2%2Fcomments&post=6286"}],"wp:featuredmedia":[{"embeddable":true,"href":"https:\/\/www.re-elektroshop.at\/index.php?rest_route=\/wp\/v2\/media\/6285"}],"wp:attachment":[{"href":"https:\/\/www.re-elektroshop.at\/index.php?rest_route=%2Fwp%2Fv2%2Fmedia&parent=6286"}],"curies":[{"name":"wp","href":"https:\/\/api.w.org\/{rel}","templated":true}]}}