{"id":63784,"date":"2021-03-05T14:52:47","date_gmt":"2021-03-05T13:52:47","guid":{"rendered":"http:\/\/www.re-elektroshop.at\/?product=klemmbuegel-fuer-beruehrungsgeschuetztes-system-groesse-00-185mm"},"modified":"2021-03-05T14:52:47","modified_gmt":"2021-03-05T13:52:47","slug":"klemmbuegel-fuer-beruehrungsgeschuetztes-system-groesse-00-185mm","status":"publish","type":"product","link":"https:\/\/www.re-elektroshop.at\/?product=klemmbuegel-fuer-beruehrungsgeschuetztes-system-groesse-00-185mm","title":{"rendered":"Klemmb\u00fcgel f\u00fcr ber\u00fchrungsgesch\u00fctztes System Gr\u00f6\u00dfe 00, 185mm"},"content":{"rendered":"","protected":false},"excerpt":{"rendered":"<p>1<\/p>\n","protected":false},"featured_media":63783,"comment_status":"open","ping_status":"closed","template":"","meta":[],"_links":{"self":[{"href":"https:\/\/www.re-elektroshop.at\/index.php?rest_route=\/wp\/v2\/product\/63784"}],"collection":[{"href":"https:\/\/www.re-elektroshop.at\/index.php?rest_route=\/wp\/v2\/product"}],"about":[{"href":"https:\/\/www.re-elektroshop.at\/index.php?rest_route=\/wp\/v2\/types\/product"}],"replies":[{"embeddable":true,"href":"https:\/\/www.re-elektroshop.at\/index.php?rest_route=%2Fwp%2Fv2%2Fcomments&post=63784"}],"wp:featuredmedia":[{"embeddable":true,"href":"https:\/\/www.re-elektroshop.at\/index.php?rest_route=\/wp\/v2\/media\/63783"}],"wp:attachment":[{"href":"https:\/\/www.re-elektroshop.at\/index.php?rest_route=%2Fwp%2Fv2%2Fmedia&parent=63784"}],"curies":[{"name":"wp","href":"https:\/\/api.w.org\/{rel}","templated":true}]}}