{"id":64570,"date":"2021-03-05T15:16:30","date_gmt":"2021-03-05T14:16:30","guid":{"rendered":"http:\/\/www.re-elektroshop.at\/?product=zaehlerverteiler-einsatz-4-45g-8-zaehlerplaetze-vorarlberg"},"modified":"2021-03-05T15:16:30","modified_gmt":"2021-03-05T14:16:30","slug":"zaehlerverteiler-einsatz-4-45g-8-zaehlerplaetze-vorarlberg","status":"publish","type":"product","link":"https:\/\/www.re-elektroshop.at\/?product=zaehlerverteiler-einsatz-4-45g-8-zaehlerplaetze-vorarlberg","title":{"rendered":"Z\u00e4hlerverteiler Einsatz 4-45G, 8 Z\u00e4hlerpl\u00e4tze, Vorarlberg"},"content":{"rendered":"","protected":false},"excerpt":{"rendered":"<p>1<\/p>\n","protected":false},"featured_media":64569,"comment_status":"open","ping_status":"closed","template":"","meta":[],"_links":{"self":[{"href":"https:\/\/www.re-elektroshop.at\/index.php?rest_route=\/wp\/v2\/product\/64570"}],"collection":[{"href":"https:\/\/www.re-elektroshop.at\/index.php?rest_route=\/wp\/v2\/product"}],"about":[{"href":"https:\/\/www.re-elektroshop.at\/index.php?rest_route=\/wp\/v2\/types\/product"}],"replies":[{"embeddable":true,"href":"https:\/\/www.re-elektroshop.at\/index.php?rest_route=%2Fwp%2Fv2%2Fcomments&post=64570"}],"wp:featuredmedia":[{"embeddable":true,"href":"https:\/\/www.re-elektroshop.at\/index.php?rest_route=\/wp\/v2\/media\/64569"}],"wp:attachment":[{"href":"https:\/\/www.re-elektroshop.at\/index.php?rest_route=%2Fwp%2Fv2%2Fmedia&parent=64570"}],"curies":[{"name":"wp","href":"https:\/\/api.w.org\/{rel}","templated":true}]}}