{"id":64802,"date":"2021-03-05T15:20:51","date_gmt":"2021-03-05T14:20:51","guid":{"rendered":"http:\/\/www.re-elektroshop.at\/?product=zaehlerverteiler-einsatz-4-45m-12-zaehlerplaetze-ooe"},"modified":"2021-03-05T15:20:51","modified_gmt":"2021-03-05T14:20:51","slug":"zaehlerverteiler-einsatz-4-45m-12-zaehlerplaetze-ooe","status":"publish","type":"product","link":"https:\/\/www.re-elektroshop.at\/?product=zaehlerverteiler-einsatz-4-45m-12-zaehlerplaetze-ooe","title":{"rendered":"Z\u00e4hlerverteiler Einsatz 4-45M, 12 Z\u00e4hlerpl\u00e4tze, OOE"},"content":{"rendered":"","protected":false},"excerpt":{"rendered":"<p>1<\/p>\n","protected":false},"featured_media":64801,"comment_status":"open","ping_status":"closed","template":"","meta":[],"_links":{"self":[{"href":"https:\/\/www.re-elektroshop.at\/index.php?rest_route=\/wp\/v2\/product\/64802"}],"collection":[{"href":"https:\/\/www.re-elektroshop.at\/index.php?rest_route=\/wp\/v2\/product"}],"about":[{"href":"https:\/\/www.re-elektroshop.at\/index.php?rest_route=\/wp\/v2\/types\/product"}],"replies":[{"embeddable":true,"href":"https:\/\/www.re-elektroshop.at\/index.php?rest_route=%2Fwp%2Fv2%2Fcomments&post=64802"}],"wp:featuredmedia":[{"embeddable":true,"href":"https:\/\/www.re-elektroshop.at\/index.php?rest_route=\/wp\/v2\/media\/64801"}],"wp:attachment":[{"href":"https:\/\/www.re-elektroshop.at\/index.php?rest_route=%2Fwp%2Fv2%2Fmedia&parent=64802"}],"curies":[{"name":"wp","href":"https:\/\/api.w.org\/{rel}","templated":true}]}}