{"id":64906,"date":"2021-03-05T15:23:35","date_gmt":"2021-03-05T14:23:35","guid":{"rendered":"http:\/\/www.re-elektroshop.at\/?product=zaehlerverteiler-einsatz-3-45m-9-zaehlerplaetze-tirol"},"modified":"2021-03-05T15:23:35","modified_gmt":"2021-03-05T14:23:35","slug":"zaehlerverteiler-einsatz-3-45m-9-zaehlerplaetze-tirol","status":"publish","type":"product","link":"https:\/\/www.re-elektroshop.at\/?product=zaehlerverteiler-einsatz-3-45m-9-zaehlerplaetze-tirol","title":{"rendered":"Z\u00e4hlerverteiler Einsatz 3-45M, 9 Z\u00e4hlerpl\u00e4tze, Tirol"},"content":{"rendered":"","protected":false},"excerpt":{"rendered":"<p>1<\/p>\n","protected":false},"featured_media":0,"comment_status":"open","ping_status":"closed","template":"","meta":[],"_links":{"self":[{"href":"https:\/\/www.re-elektroshop.at\/index.php?rest_route=\/wp\/v2\/product\/64906"}],"collection":[{"href":"https:\/\/www.re-elektroshop.at\/index.php?rest_route=\/wp\/v2\/product"}],"about":[{"href":"https:\/\/www.re-elektroshop.at\/index.php?rest_route=\/wp\/v2\/types\/product"}],"replies":[{"embeddable":true,"href":"https:\/\/www.re-elektroshop.at\/index.php?rest_route=%2Fwp%2Fv2%2Fcomments&post=64906"}],"wp:attachment":[{"href":"https:\/\/www.re-elektroshop.at\/index.php?rest_route=%2Fwp%2Fv2%2Fmedia&parent=64906"}],"curies":[{"name":"wp","href":"https:\/\/api.w.org\/{rel}","templated":true}]}}