{"id":65075,"date":"2021-03-05T15:27:04","date_gmt":"2021-03-05T14:27:04","guid":{"rendered":"http:\/\/www.re-elektroshop.at\/?product=zaehlerverteiler-einsatz-3-39m-9-zaehlerplaetze-noe"},"modified":"2021-03-05T15:27:04","modified_gmt":"2021-03-05T14:27:04","slug":"zaehlerverteiler-einsatz-3-39m-9-zaehlerplaetze-noe","status":"publish","type":"product","link":"https:\/\/www.re-elektroshop.at\/?product=zaehlerverteiler-einsatz-3-39m-9-zaehlerplaetze-noe","title":{"rendered":"Z\u00e4hlerverteiler Einsatz 3-39M, 9 Z\u00e4hlerpl\u00e4tze, NOE"},"content":{"rendered":"","protected":false},"excerpt":{"rendered":"<p>1<\/p>\n","protected":false},"featured_media":65074,"comment_status":"open","ping_status":"closed","template":"","meta":[],"_links":{"self":[{"href":"https:\/\/www.re-elektroshop.at\/index.php?rest_route=\/wp\/v2\/product\/65075"}],"collection":[{"href":"https:\/\/www.re-elektroshop.at\/index.php?rest_route=\/wp\/v2\/product"}],"about":[{"href":"https:\/\/www.re-elektroshop.at\/index.php?rest_route=\/wp\/v2\/types\/product"}],"replies":[{"embeddable":true,"href":"https:\/\/www.re-elektroshop.at\/index.php?rest_route=%2Fwp%2Fv2%2Fcomments&post=65075"}],"wp:featuredmedia":[{"embeddable":true,"href":"https:\/\/www.re-elektroshop.at\/index.php?rest_route=\/wp\/v2\/media\/65074"}],"wp:attachment":[{"href":"https:\/\/www.re-elektroshop.at\/index.php?rest_route=%2Fwp%2Fv2%2Fmedia&parent=65075"}],"curies":[{"name":"wp","href":"https:\/\/api.w.org\/{rel}","templated":true}]}}