{"id":65179,"date":"2021-03-05T15:29:11","date_gmt":"2021-03-05T14:29:11","guid":{"rendered":"http:\/\/www.re-elektroshop.at\/?product=up-dose-xxl-fuer-kabelueberlaenge-bei-datendose-149x67x67mm"},"modified":"2021-08-06T11:45:27","modified_gmt":"2021-08-06T09:45:27","slug":"up-dose-xxl-fuer-kabelueberlaenge-bei-datendose-149x67x67mm","status":"publish","type":"product","link":"https:\/\/www.re-elektroshop.at\/?product=up-dose-xxl-fuer-kabelueberlaenge-bei-datendose-149x67x67mm","title":{"rendered":"UP-Dose XXL f\u00fcr Kabel\u00fcberl\u00e4nge bei Datendose 149x67x67mm"},"content":{"rendered":"","protected":false},"excerpt":{"rendered":"<p>1<\/p>\n","protected":false},"featured_media":65178,"comment_status":"open","ping_status":"closed","template":"","meta":[],"_links":{"self":[{"href":"https:\/\/www.re-elektroshop.at\/index.php?rest_route=\/wp\/v2\/product\/65179"}],"collection":[{"href":"https:\/\/www.re-elektroshop.at\/index.php?rest_route=\/wp\/v2\/product"}],"about":[{"href":"https:\/\/www.re-elektroshop.at\/index.php?rest_route=\/wp\/v2\/types\/product"}],"replies":[{"embeddable":true,"href":"https:\/\/www.re-elektroshop.at\/index.php?rest_route=%2Fwp%2Fv2%2Fcomments&post=65179"}],"wp:featuredmedia":[{"embeddable":true,"href":"https:\/\/www.re-elektroshop.at\/index.php?rest_route=\/wp\/v2\/media\/65178"}],"wp:attachment":[{"href":"https:\/\/www.re-elektroshop.at\/index.php?rest_route=%2Fwp%2Fv2%2Fmedia&parent=65179"}],"curies":[{"name":"wp","href":"https:\/\/api.w.org\/{rel}","templated":true}]}}