{"id":67190,"date":"2021-03-06T12:34:54","date_gmt":"2021-03-06T11:34:54","guid":{"rendered":"http:\/\/www.re-elektroshop.at\/?product=schienenlaengsverb-tt-profil-ueberbrueckbarer-abstand-50-60mm"},"modified":"2021-03-06T12:34:54","modified_gmt":"2021-03-06T11:34:54","slug":"schienenlaengsverb-tt-profil-ueberbrueckbarer-abstand-50-60mm","status":"publish","type":"product","link":"https:\/\/www.re-elektroshop.at\/?product=schienenlaengsverb-tt-profil-ueberbrueckbarer-abstand-50-60mm","title":{"rendered":"Schienenl\u00e4ngsverb. TT-Profil \u00fcberbr\u00fcckbarer Abstand 50-60mm"},"content":{"rendered":"","protected":false},"excerpt":{"rendered":"<p>1<\/p>\n","protected":false},"featured_media":67189,"comment_status":"open","ping_status":"closed","template":"","meta":[],"_links":{"self":[{"href":"https:\/\/www.re-elektroshop.at\/index.php?rest_route=\/wp\/v2\/product\/67190"}],"collection":[{"href":"https:\/\/www.re-elektroshop.at\/index.php?rest_route=\/wp\/v2\/product"}],"about":[{"href":"https:\/\/www.re-elektroshop.at\/index.php?rest_route=\/wp\/v2\/types\/product"}],"replies":[{"embeddable":true,"href":"https:\/\/www.re-elektroshop.at\/index.php?rest_route=%2Fwp%2Fv2%2Fcomments&post=67190"}],"wp:featuredmedia":[{"embeddable":true,"href":"https:\/\/www.re-elektroshop.at\/index.php?rest_route=\/wp\/v2\/media\/67189"}],"wp:attachment":[{"href":"https:\/\/www.re-elektroshop.at\/index.php?rest_route=%2Fwp%2Fv2%2Fmedia&parent=67190"}],"curies":[{"name":"wp","href":"https:\/\/api.w.org\/{rel}","templated":true}]}}