{"id":67267,"date":"2021-03-06T12:36:24","date_gmt":"2021-03-06T11:36:24","guid":{"rendered":"http:\/\/www.re-elektroshop.at\/?product=beruehrungsschutzabdeckung-fuer-laengsverbinder"},"modified":"2021-03-06T12:36:24","modified_gmt":"2021-03-06T11:36:24","slug":"beruehrungsschutzabdeckung-fuer-laengsverbinder","status":"publish","type":"product","link":"https:\/\/www.re-elektroshop.at\/?product=beruehrungsschutzabdeckung-fuer-laengsverbinder","title":{"rendered":"Ber\u00fchrungsschutzabdeckung f\u00fcr L\u00e4ngsverbinder"},"content":{"rendered":"","protected":false},"excerpt":{"rendered":"<p>1<\/p>\n","protected":false},"featured_media":67266,"comment_status":"open","ping_status":"closed","template":"","meta":[],"_links":{"self":[{"href":"https:\/\/www.re-elektroshop.at\/index.php?rest_route=\/wp\/v2\/product\/67267"}],"collection":[{"href":"https:\/\/www.re-elektroshop.at\/index.php?rest_route=\/wp\/v2\/product"}],"about":[{"href":"https:\/\/www.re-elektroshop.at\/index.php?rest_route=\/wp\/v2\/types\/product"}],"replies":[{"embeddable":true,"href":"https:\/\/www.re-elektroshop.at\/index.php?rest_route=%2Fwp%2Fv2%2Fcomments&post=67267"}],"wp:featuredmedia":[{"embeddable":true,"href":"https:\/\/www.re-elektroshop.at\/index.php?rest_route=\/wp\/v2\/media\/67266"}],"wp:attachment":[{"href":"https:\/\/www.re-elektroshop.at\/index.php?rest_route=%2Fwp%2Fv2%2Fmedia&parent=67267"}],"curies":[{"name":"wp","href":"https:\/\/api.w.org\/{rel}","templated":true}]}}