{"id":67277,"date":"2021-03-06T12:36:55","date_gmt":"2021-03-06T11:36:55","guid":{"rendered":"http:\/\/www.re-elektroshop.at\/?product=distanzstueck-fuer-sammelschienentraeger-185mm-si014300"},"modified":"2021-03-06T12:36:55","modified_gmt":"2021-03-06T11:36:55","slug":"distanzstueck-fuer-sammelschienentraeger-185mm-si014300","status":"publish","type":"product","link":"https:\/\/www.re-elektroshop.at\/?product=distanzstueck-fuer-sammelschienentraeger-185mm-si014300","title":{"rendered":"Distanzst\u00fcck f\u00fcr Sammelschienentr\u00e4ger 185mm, SI014300"},"content":{"rendered":"","protected":false},"excerpt":{"rendered":"<p>1<\/p>\n","protected":false},"featured_media":67276,"comment_status":"open","ping_status":"closed","template":"","meta":[],"_links":{"self":[{"href":"https:\/\/www.re-elektroshop.at\/index.php?rest_route=\/wp\/v2\/product\/67277"}],"collection":[{"href":"https:\/\/www.re-elektroshop.at\/index.php?rest_route=\/wp\/v2\/product"}],"about":[{"href":"https:\/\/www.re-elektroshop.at\/index.php?rest_route=\/wp\/v2\/types\/product"}],"replies":[{"embeddable":true,"href":"https:\/\/www.re-elektroshop.at\/index.php?rest_route=%2Fwp%2Fv2%2Fcomments&post=67277"}],"wp:featuredmedia":[{"embeddable":true,"href":"https:\/\/www.re-elektroshop.at\/index.php?rest_route=\/wp\/v2\/media\/67276"}],"wp:attachment":[{"href":"https:\/\/www.re-elektroshop.at\/index.php?rest_route=%2Fwp%2Fv2%2Fmedia&parent=67277"}],"curies":[{"name":"wp","href":"https:\/\/api.w.org\/{rel}","templated":true}]}}