{"id":67307,"date":"2021-03-06T12:37:34","date_gmt":"2021-03-06T11:37:34","guid":{"rendered":"http:\/\/www.re-elektroshop.at\/?product=schienentraegerabdeckung-ueberbaubar-fuer-si014310"},"modified":"2021-03-06T12:37:34","modified_gmt":"2021-03-06T11:37:34","slug":"schienentraegerabdeckung-ueberbaubar-fuer-si014310","status":"publish","type":"product","link":"https:\/\/www.re-elektroshop.at\/?product=schienentraegerabdeckung-ueberbaubar-fuer-si014310","title":{"rendered":"Schienentr\u00e4gerabdeckung \u00fcberbaubar f\u00fcr SI014310"},"content":{"rendered":"","protected":false},"excerpt":{"rendered":"<p>1<\/p>\n","protected":false},"featured_media":67306,"comment_status":"open","ping_status":"closed","template":"","meta":[],"_links":{"self":[{"href":"https:\/\/www.re-elektroshop.at\/index.php?rest_route=\/wp\/v2\/product\/67307"}],"collection":[{"href":"https:\/\/www.re-elektroshop.at\/index.php?rest_route=\/wp\/v2\/product"}],"about":[{"href":"https:\/\/www.re-elektroshop.at\/index.php?rest_route=\/wp\/v2\/types\/product"}],"replies":[{"embeddable":true,"href":"https:\/\/www.re-elektroshop.at\/index.php?rest_route=%2Fwp%2Fv2%2Fcomments&post=67307"}],"wp:featuredmedia":[{"embeddable":true,"href":"https:\/\/www.re-elektroshop.at\/index.php?rest_route=\/wp\/v2\/media\/67306"}],"wp:attachment":[{"href":"https:\/\/www.re-elektroshop.at\/index.php?rest_route=%2Fwp%2Fv2%2Fmedia&parent=67307"}],"curies":[{"name":"wp","href":"https:\/\/api.w.org\/{rel}","templated":true}]}}