{"id":67354,"date":"2021-03-06T13:15:45","date_gmt":"2021-03-06T12:15:45","guid":{"rendered":"http:\/\/www.re-elektroshop.at\/?product=wirebox-xl-tr-klemmenabdeckung-fuer-erhoehten-beruehrungsschutz"},"modified":"2021-03-06T13:15:45","modified_gmt":"2021-03-06T12:15:45","slug":"wirebox-xl-tr-klemmenabdeckung-fuer-erhoehten-beruehrungsschutz","status":"publish","type":"product","link":"https:\/\/www.re-elektroshop.at\/?product=wirebox-xl-tr-klemmenabdeckung-fuer-erhoehten-beruehrungsschutz","title":{"rendered":"Wirebox-XL Tr Klemmenabdeckung f\u00fcr erh\u00f6hten Ber\u00fchrungsschutz"},"content":{"rendered":"","protected":false},"excerpt":{"rendered":"<p>1<\/p>\n","protected":false},"featured_media":67353,"comment_status":"open","ping_status":"closed","template":"","meta":[],"_links":{"self":[{"href":"https:\/\/www.re-elektroshop.at\/index.php?rest_route=\/wp\/v2\/product\/67354"}],"collection":[{"href":"https:\/\/www.re-elektroshop.at\/index.php?rest_route=\/wp\/v2\/product"}],"about":[{"href":"https:\/\/www.re-elektroshop.at\/index.php?rest_route=\/wp\/v2\/types\/product"}],"replies":[{"embeddable":true,"href":"https:\/\/www.re-elektroshop.at\/index.php?rest_route=%2Fwp%2Fv2%2Fcomments&post=67354"}],"wp:featuredmedia":[{"embeddable":true,"href":"https:\/\/www.re-elektroshop.at\/index.php?rest_route=\/wp\/v2\/media\/67353"}],"wp:attachment":[{"href":"https:\/\/www.re-elektroshop.at\/index.php?rest_route=%2Fwp%2Fv2%2Fmedia&parent=67354"}],"curies":[{"name":"wp","href":"https:\/\/api.w.org\/{rel}","templated":true}]}}