{"id":67702,"date":"2021-03-06T13:30:44","date_gmt":"2021-03-06T12:30:44","guid":{"rendered":"http:\/\/www.re-elektroshop.at\/?product=prueftrennklemme-mit-sockeln-fuer-pruefstecker-6mm%c2%b2"},"modified":"2021-03-06T13:30:44","modified_gmt":"2021-03-06T12:30:44","slug":"prueftrennklemme-mit-sockeln-fuer-pruefstecker-6mm%c2%b2","status":"publish","type":"product","link":"https:\/\/www.re-elektroshop.at\/?product=prueftrennklemme-mit-sockeln-fuer-pruefstecker-6mm%c2%b2","title":{"rendered":"Pr\u00fcftrennklemme mit Sockeln f\u00fcr Pr\u00fcfstecker 6mm\u00b2"},"content":{"rendered":"","protected":false},"excerpt":{"rendered":"<p>1<\/p>\n","protected":false},"featured_media":67701,"comment_status":"open","ping_status":"closed","template":"","meta":[],"_links":{"self":[{"href":"https:\/\/www.re-elektroshop.at\/index.php?rest_route=\/wp\/v2\/product\/67702"}],"collection":[{"href":"https:\/\/www.re-elektroshop.at\/index.php?rest_route=\/wp\/v2\/product"}],"about":[{"href":"https:\/\/www.re-elektroshop.at\/index.php?rest_route=\/wp\/v2\/types\/product"}],"replies":[{"embeddable":true,"href":"https:\/\/www.re-elektroshop.at\/index.php?rest_route=%2Fwp%2Fv2%2Fcomments&post=67702"}],"wp:featuredmedia":[{"embeddable":true,"href":"https:\/\/www.re-elektroshop.at\/index.php?rest_route=\/wp\/v2\/media\/67701"}],"wp:attachment":[{"href":"https:\/\/www.re-elektroshop.at\/index.php?rest_route=%2Fwp%2Fv2%2Fmedia&parent=67702"}],"curies":[{"name":"wp","href":"https:\/\/api.w.org\/{rel}","templated":true}]}}