{"id":6900,"date":"2021-02-25T14:56:37","date_gmt":"2021-02-25T13:56:37","guid":{"rendered":"http:\/\/www.re-elektroshop.at\/?product=nachruestset-fuer-schutzart-ip21-fuer-usnxe250"},"modified":"2021-02-25T14:56:37","modified_gmt":"2021-02-25T13:56:37","slug":"nachruestset-fuer-schutzart-ip21-fuer-usnxe250","status":"publish","type":"product","link":"https:\/\/www.re-elektroshop.at\/?product=nachruestset-fuer-schutzart-ip21-fuer-usnxe250","title":{"rendered":"Nachr\u00fcstset f\u00fcr Schutzart IP21 f\u00fcr USNXE250&#8211;"},"content":{"rendered":"","protected":false},"excerpt":{"rendered":"<p>1<\/p>\n","protected":false},"featured_media":6899,"comment_status":"open","ping_status":"closed","template":"","meta":[],"_links":{"self":[{"href":"https:\/\/www.re-elektroshop.at\/index.php?rest_route=\/wp\/v2\/product\/6900"}],"collection":[{"href":"https:\/\/www.re-elektroshop.at\/index.php?rest_route=\/wp\/v2\/product"}],"about":[{"href":"https:\/\/www.re-elektroshop.at\/index.php?rest_route=\/wp\/v2\/types\/product"}],"replies":[{"embeddable":true,"href":"https:\/\/www.re-elektroshop.at\/index.php?rest_route=%2Fwp%2Fv2%2Fcomments&post=6900"}],"wp:featuredmedia":[{"embeddable":true,"href":"https:\/\/www.re-elektroshop.at\/index.php?rest_route=\/wp\/v2\/media\/6899"}],"wp:attachment":[{"href":"https:\/\/www.re-elektroshop.at\/index.php?rest_route=%2Fwp%2Fv2%2Fmedia&parent=6900"}],"curies":[{"name":"wp","href":"https:\/\/api.w.org\/{rel}","templated":true}]}}