{"id":6944,"date":"2021-02-25T14:57:19","date_gmt":"2021-02-25T13:57:19","guid":{"rendered":"http:\/\/www.re-elektroshop.at\/?product=temperatursensor-fuer-batterieschraenke-fuer-usv-avara-next"},"modified":"2021-02-25T14:57:19","modified_gmt":"2021-02-25T13:57:19","slug":"temperatursensor-fuer-batterieschraenke-fuer-usv-avara-next","status":"publish","type":"product","link":"https:\/\/www.re-elektroshop.at\/?product=temperatursensor-fuer-batterieschraenke-fuer-usv-avara-next","title":{"rendered":"Temperatursensor f\u00fcr Batterieschr\u00e4nke f\u00fcr USV AVARA Next"},"content":{"rendered":"","protected":false},"excerpt":{"rendered":"<p>1<\/p>\n","protected":false},"featured_media":6943,"comment_status":"open","ping_status":"closed","template":"","meta":[],"_links":{"self":[{"href":"https:\/\/www.re-elektroshop.at\/index.php?rest_route=\/wp\/v2\/product\/6944"}],"collection":[{"href":"https:\/\/www.re-elektroshop.at\/index.php?rest_route=\/wp\/v2\/product"}],"about":[{"href":"https:\/\/www.re-elektroshop.at\/index.php?rest_route=\/wp\/v2\/types\/product"}],"replies":[{"embeddable":true,"href":"https:\/\/www.re-elektroshop.at\/index.php?rest_route=%2Fwp%2Fv2%2Fcomments&post=6944"}],"wp:featuredmedia":[{"embeddable":true,"href":"https:\/\/www.re-elektroshop.at\/index.php?rest_route=\/wp\/v2\/media\/6943"}],"wp:attachment":[{"href":"https:\/\/www.re-elektroshop.at\/index.php?rest_route=%2Fwp%2Fv2%2Fmedia&parent=6944"}],"curies":[{"name":"wp","href":"https:\/\/api.w.org\/{rel}","templated":true}]}}