{"id":70304,"date":"2021-03-06T15:05:45","date_gmt":"2021-03-06T14:05:45","guid":{"rendered":"http:\/\/www.re-elektroshop.at\/?product=wirebox-75-15-klemmenabdeckung-fuer-erhoehten-beruehrungsschutz"},"modified":"2021-03-06T15:05:45","modified_gmt":"2021-03-06T14:05:45","slug":"wirebox-75-15-klemmenabdeckung-fuer-erhoehten-beruehrungsschutz","status":"publish","type":"product","link":"https:\/\/www.re-elektroshop.at\/?product=wirebox-75-15-klemmenabdeckung-fuer-erhoehten-beruehrungsschutz","title":{"rendered":"Wirebox 75\/15 Klemmenabdeckung f\u00fcr erh\u00f6hten Ber\u00fchrungsschutz"},"content":{"rendered":"","protected":false},"excerpt":{"rendered":"<p>1<\/p>\n","protected":false},"featured_media":70303,"comment_status":"open","ping_status":"closed","template":"","meta":[],"_links":{"self":[{"href":"https:\/\/www.re-elektroshop.at\/index.php?rest_route=\/wp\/v2\/product\/70304"}],"collection":[{"href":"https:\/\/www.re-elektroshop.at\/index.php?rest_route=\/wp\/v2\/product"}],"about":[{"href":"https:\/\/www.re-elektroshop.at\/index.php?rest_route=\/wp\/v2\/types\/product"}],"replies":[{"embeddable":true,"href":"https:\/\/www.re-elektroshop.at\/index.php?rest_route=%2Fwp%2Fv2%2Fcomments&post=70304"}],"wp:featuredmedia":[{"embeddable":true,"href":"https:\/\/www.re-elektroshop.at\/index.php?rest_route=\/wp\/v2\/media\/70303"}],"wp:attachment":[{"href":"https:\/\/www.re-elektroshop.at\/index.php?rest_route=%2Fwp%2Fv2%2Fmedia&parent=70304"}],"curies":[{"name":"wp","href":"https:\/\/api.w.org\/{rel}","templated":true}]}}