{"id":71316,"date":"2021-03-06T16:07:53","date_gmt":"2021-03-06T15:07:53","guid":{"rendered":"http:\/\/www.re-elektroshop.at\/?product=tueroeffner-fuer-universelle-einsaetze-8-12vac-9-12vdc"},"modified":"2021-03-06T16:07:53","modified_gmt":"2021-03-06T15:07:53","slug":"tueroeffner-fuer-universelle-einsaetze-8-12vac-9-12vdc","status":"publish","type":"product","link":"https:\/\/www.re-elektroshop.at\/?product=tueroeffner-fuer-universelle-einsaetze-8-12vac-9-12vdc","title":{"rendered":"T\u00fcr\u00f6ffner f\u00fcr universelle Eins\u00e4tze, 8-12VAC\/9-12VDC"},"content":{"rendered":"","protected":false},"excerpt":{"rendered":"<p>1<\/p>\n","protected":false},"featured_media":71315,"comment_status":"open","ping_status":"closed","template":"","meta":[],"_links":{"self":[{"href":"https:\/\/www.re-elektroshop.at\/index.php?rest_route=\/wp\/v2\/product\/71316"}],"collection":[{"href":"https:\/\/www.re-elektroshop.at\/index.php?rest_route=\/wp\/v2\/product"}],"about":[{"href":"https:\/\/www.re-elektroshop.at\/index.php?rest_route=\/wp\/v2\/types\/product"}],"replies":[{"embeddable":true,"href":"https:\/\/www.re-elektroshop.at\/index.php?rest_route=%2Fwp%2Fv2%2Fcomments&post=71316"}],"wp:featuredmedia":[{"embeddable":true,"href":"https:\/\/www.re-elektroshop.at\/index.php?rest_route=\/wp\/v2\/media\/71315"}],"wp:attachment":[{"href":"https:\/\/www.re-elektroshop.at\/index.php?rest_route=%2Fwp%2Fv2%2Fmedia&parent=71316"}],"curies":[{"name":"wp","href":"https:\/\/api.w.org\/{rel}","templated":true}]}}