{"id":73887,"date":"2021-03-08T12:30:49","date_gmt":"2021-03-08T11:30:49","guid":{"rendered":"http:\/\/www.re-elektroshop.at\/?product=lwl-spleisskamm-fuer-12-x-schmelzspleissschutz-helsp0001x"},"modified":"2021-08-17T15:44:22","modified_gmt":"2021-08-17T13:44:22","slug":"lwl-spleisskamm-fuer-12-x-schmelzspleissschutz-helsp0001x","status":"publish","type":"product","link":"https:\/\/www.re-elektroshop.at\/?product=lwl-spleisskamm-fuer-12-x-schmelzspleissschutz-helsp0001x","title":{"rendered":"LWL Splei\u00dfkamm f\u00fcr 12 x Schmelzsplei\u00dfschutz (HELSP0001x)"},"content":{"rendered":"","protected":false},"excerpt":{"rendered":"<p>1<\/p>\n","protected":false},"featured_media":73886,"comment_status":"open","ping_status":"closed","template":"","meta":[],"_links":{"self":[{"href":"https:\/\/www.re-elektroshop.at\/index.php?rest_route=\/wp\/v2\/product\/73887"}],"collection":[{"href":"https:\/\/www.re-elektroshop.at\/index.php?rest_route=\/wp\/v2\/product"}],"about":[{"href":"https:\/\/www.re-elektroshop.at\/index.php?rest_route=\/wp\/v2\/types\/product"}],"replies":[{"embeddable":true,"href":"https:\/\/www.re-elektroshop.at\/index.php?rest_route=%2Fwp%2Fv2%2Fcomments&post=73887"}],"wp:featuredmedia":[{"embeddable":true,"href":"https:\/\/www.re-elektroshop.at\/index.php?rest_route=\/wp\/v2\/media\/73886"}],"wp:attachment":[{"href":"https:\/\/www.re-elektroshop.at\/index.php?rest_route=%2Fwp%2Fv2%2Fmedia&parent=73887"}],"curies":[{"name":"wp","href":"https:\/\/api.w.org\/{rel}","templated":true}]}}