{"id":74737,"date":"2021-03-08T14:49:01","date_gmt":"2021-03-08T13:49:01","guid":{"rendered":"http:\/\/www.re-elektroshop.at\/?product=canalello-40w-aussen-weiss-innen-weiss-ip20-2"},"modified":"2021-03-08T14:49:01","modified_gmt":"2021-03-08T13:49:01","slug":"canalello-40w-aussen-weiss-innen-weiss-ip20-2","status":"publish","type":"product","link":"https:\/\/www.re-elektroshop.at\/?product=canalello-40w-aussen-weiss-innen-weiss-ip20-2","title":{"rendered":"Canalello 40W au\u00dfen wei\u00df, innen wei\u00df IP20"},"content":{"rendered":"","protected":false},"excerpt":{"rendered":"<p>1<\/p>\n","protected":false},"featured_media":74736,"comment_status":"open","ping_status":"closed","template":"","meta":[],"_links":{"self":[{"href":"https:\/\/www.re-elektroshop.at\/index.php?rest_route=\/wp\/v2\/product\/74737"}],"collection":[{"href":"https:\/\/www.re-elektroshop.at\/index.php?rest_route=\/wp\/v2\/product"}],"about":[{"href":"https:\/\/www.re-elektroshop.at\/index.php?rest_route=\/wp\/v2\/types\/product"}],"replies":[{"embeddable":true,"href":"https:\/\/www.re-elektroshop.at\/index.php?rest_route=%2Fwp%2Fv2%2Fcomments&post=74737"}],"wp:featuredmedia":[{"embeddable":true,"href":"https:\/\/www.re-elektroshop.at\/index.php?rest_route=\/wp\/v2\/media\/74736"}],"wp:attachment":[{"href":"https:\/\/www.re-elektroshop.at\/index.php?rest_route=%2Fwp%2Fv2%2Fmedia&parent=74737"}],"curies":[{"name":"wp","href":"https:\/\/api.w.org\/{rel}","templated":true}]}}