{"id":8253,"date":"2021-02-25T18:31:41","date_gmt":"2021-02-25T17:31:41","guid":{"rendered":"http:\/\/www.re-elektroshop.at\/?product=hilfsschuetz-3-schliesser-1-oeffner-spule-24vac"},"modified":"2021-02-25T18:31:41","modified_gmt":"2021-02-25T17:31:41","slug":"hilfsschuetz-3-schliesser-1-oeffner-spule-24vac","status":"publish","type":"product","link":"https:\/\/www.re-elektroshop.at\/?product=hilfsschuetz-3-schliesser-1-oeffner-spule-24vac","title":{"rendered":"Hilfssch\u00fctz, 3 Schlie\u00dfer + 1 \u00d6ffner, Spule 24VAC"},"content":{"rendered":"","protected":false},"excerpt":{"rendered":"<p>1<\/p>\n","protected":false},"featured_media":8252,"comment_status":"open","ping_status":"closed","template":"","meta":[],"_links":{"self":[{"href":"https:\/\/www.re-elektroshop.at\/index.php?rest_route=\/wp\/v2\/product\/8253"}],"collection":[{"href":"https:\/\/www.re-elektroshop.at\/index.php?rest_route=\/wp\/v2\/product"}],"about":[{"href":"https:\/\/www.re-elektroshop.at\/index.php?rest_route=\/wp\/v2\/types\/product"}],"replies":[{"embeddable":true,"href":"https:\/\/www.re-elektroshop.at\/index.php?rest_route=%2Fwp%2Fv2%2Fcomments&post=8253"}],"wp:featuredmedia":[{"embeddable":true,"href":"https:\/\/www.re-elektroshop.at\/index.php?rest_route=\/wp\/v2\/media\/8252"}],"wp:attachment":[{"href":"https:\/\/www.re-elektroshop.at\/index.php?rest_route=%2Fwp%2Fv2%2Fmedia&parent=8253"}],"curies":[{"name":"wp","href":"https:\/\/api.w.org\/{rel}","templated":true}]}}