{"id":8257,"date":"2021-02-25T18:31:42","date_gmt":"2021-02-25T17:31:42","guid":{"rendered":"http:\/\/www.re-elektroshop.at\/?product=hilfsschuetz-3-schliesser-1-oeffner-spule-24vdc"},"modified":"2021-02-25T18:31:42","modified_gmt":"2021-02-25T17:31:42","slug":"hilfsschuetz-3-schliesser-1-oeffner-spule-24vdc","status":"publish","type":"product","link":"https:\/\/www.re-elektroshop.at\/?product=hilfsschuetz-3-schliesser-1-oeffner-spule-24vdc","title":{"rendered":"Hilfssch\u00fctz, 3 Schlie\u00dfer + 1 \u00d6ffner, Spule 24VDC"},"content":{"rendered":"","protected":false},"excerpt":{"rendered":"<p>1<\/p>\n","protected":false},"featured_media":8256,"comment_status":"open","ping_status":"closed","template":"","meta":[],"_links":{"self":[{"href":"https:\/\/www.re-elektroshop.at\/index.php?rest_route=\/wp\/v2\/product\/8257"}],"collection":[{"href":"https:\/\/www.re-elektroshop.at\/index.php?rest_route=\/wp\/v2\/product"}],"about":[{"href":"https:\/\/www.re-elektroshop.at\/index.php?rest_route=\/wp\/v2\/types\/product"}],"replies":[{"embeddable":true,"href":"https:\/\/www.re-elektroshop.at\/index.php?rest_route=%2Fwp%2Fv2%2Fcomments&post=8257"}],"wp:featuredmedia":[{"embeddable":true,"href":"https:\/\/www.re-elektroshop.at\/index.php?rest_route=\/wp\/v2\/media\/8256"}],"wp:attachment":[{"href":"https:\/\/www.re-elektroshop.at\/index.php?rest_route=%2Fwp%2Fv2%2Fmedia&parent=8257"}],"curies":[{"name":"wp","href":"https:\/\/api.w.org\/{rel}","templated":true}]}}