{"id":8750,"date":"2021-02-25T18:37:52","date_gmt":"2021-02-25T17:37:52","guid":{"rendered":"http:\/\/www.re-elektroshop.at\/?product=hilfskontakt-fuer-hilfsschuetz-2s2oe-1s1oe-mit-mikroschalter"},"modified":"2021-02-25T18:37:52","modified_gmt":"2021-02-25T17:37:52","slug":"hilfskontakt-fuer-hilfsschuetz-2s2oe-1s1oe-mit-mikroschalter","status":"publish","type":"product","link":"https:\/\/www.re-elektroshop.at\/?product=hilfskontakt-fuer-hilfsschuetz-2s2oe-1s1oe-mit-mikroschalter","title":{"rendered":"Hilfskontakt f\u00fcr Hilfssch\u00fctz, 2S+2\u00d6, 1S+1\u00d6 mit Mikroschalter"},"content":{"rendered":"","protected":false},"excerpt":{"rendered":"<p>1<\/p>\n","protected":false},"featured_media":8749,"comment_status":"open","ping_status":"closed","template":"","meta":[],"_links":{"self":[{"href":"https:\/\/www.re-elektroshop.at\/index.php?rest_route=\/wp\/v2\/product\/8750"}],"collection":[{"href":"https:\/\/www.re-elektroshop.at\/index.php?rest_route=\/wp\/v2\/product"}],"about":[{"href":"https:\/\/www.re-elektroshop.at\/index.php?rest_route=\/wp\/v2\/types\/product"}],"replies":[{"embeddable":true,"href":"https:\/\/www.re-elektroshop.at\/index.php?rest_route=%2Fwp%2Fv2%2Fcomments&post=8750"}],"wp:featuredmedia":[{"embeddable":true,"href":"https:\/\/www.re-elektroshop.at\/index.php?rest_route=\/wp\/v2\/media\/8749"}],"wp:attachment":[{"href":"https:\/\/www.re-elektroshop.at\/index.php?rest_route=%2Fwp%2Fv2%2Fmedia&parent=8750"}],"curies":[{"name":"wp","href":"https:\/\/api.w.org\/{rel}","templated":true}]}}