{"id":9032,"date":"2021-02-26T17:25:32","date_gmt":"2021-02-26T16:25:32","guid":{"rendered":"http:\/\/www.re-elektroshop.at\/?product=leistungsschuetz-55kw-14a-ac3-25a-ac1-3polig-1s-24vdc-2"},"modified":"2021-02-26T17:25:37","modified_gmt":"2021-02-26T16:25:37","slug":"leistungsschuetz-55kw-14a-ac3-25a-ac1-3polig-1s-24vdc-2","status":"publish","type":"product","link":"https:\/\/www.re-elektroshop.at\/?product=leistungsschuetz-55kw-14a-ac3-25a-ac1-3polig-1s-24vdc-2","title":{"rendered":"Leistungssch\u00fctz, 5,5kW, 14A AC3, 25A AC1, 3polig, 1S, 24VDC"},"content":{"rendered":"<p>LA301415N-<\/p>\n<p>Leistungssch\u00fctze LA, Baugr\u00f6\u00dfe 3, 4 &#8211; 18,5kWElektromechanische Sch\u00fctze Serie LA<\/p>\n","protected":false},"excerpt":{"rendered":"<p>LA301415N- Leistungssch\u00fctze LA, Baugr\u00f6\u00dfe 3, 4 &#8211; 18,5kWElektromechanische Sch\u00fctze Serie LA<\/p>\n","protected":false},"featured_media":9033,"comment_status":"closed","ping_status":"open","template":"","meta":[],"_links":{"self":[{"href":"https:\/\/www.re-elektroshop.at\/index.php?rest_route=\/wp\/v2\/product\/9032"}],"collection":[{"href":"https:\/\/www.re-elektroshop.at\/index.php?rest_route=\/wp\/v2\/product"}],"about":[{"href":"https:\/\/www.re-elektroshop.at\/index.php?rest_route=\/wp\/v2\/types\/product"}],"replies":[{"embeddable":true,"href":"https:\/\/www.re-elektroshop.at\/index.php?rest_route=%2Fwp%2Fv2%2Fcomments&post=9032"}],"wp:featuredmedia":[{"embeddable":true,"href":"https:\/\/www.re-elektroshop.at\/index.php?rest_route=\/wp\/v2\/media\/9033"}],"wp:attachment":[{"href":"https:\/\/www.re-elektroshop.at\/index.php?rest_route=%2Fwp%2Fv2%2Fmedia&parent=9032"}],"curies":[{"name":"wp","href":"https:\/\/api.w.org\/{rel}","templated":true}]}}