{"id":9150,"date":"2021-02-26T17:26:24","date_gmt":"2021-02-26T16:26:24","guid":{"rendered":"http:\/\/www.re-elektroshop.at\/?product=leistungsschuetz-75kw-18a-ac3-32a-ac1-3polig-1s-415vac-2"},"modified":"2021-02-26T17:26:24","modified_gmt":"2021-02-26T16:26:24","slug":"leistungsschuetz-75kw-18a-ac3-32a-ac1-3polig-1s-415vac-2","status":"publish","type":"product","link":"https:\/\/www.re-elektroshop.at\/?product=leistungsschuetz-75kw-18a-ac3-32a-ac1-3polig-1s-415vac-2","title":{"rendered":"Leistungssch\u00fctz, 7,5kW, 18A AC3, 32A AC1, 3polig, 1S, 415VAC"},"content":{"rendered":"<p>LA301814N-<\/p>\n<p>Leistungssch\u00fctze LA, Baugr\u00f6\u00dfe 3, 4 &#8211; 18,5kWElektromechanische Sch\u00fctze Serie LA<\/p>\n","protected":false},"excerpt":{"rendered":"<p>LA301814N- Leistungssch\u00fctze LA, Baugr\u00f6\u00dfe 3, 4 &#8211; 18,5kWElektromechanische Sch\u00fctze Serie LA<\/p>\n","protected":false},"featured_media":9151,"comment_status":"closed","ping_status":"open","template":"","meta":[],"_links":{"self":[{"href":"https:\/\/www.re-elektroshop.at\/index.php?rest_route=\/wp\/v2\/product\/9150"}],"collection":[{"href":"https:\/\/www.re-elektroshop.at\/index.php?rest_route=\/wp\/v2\/product"}],"about":[{"href":"https:\/\/www.re-elektroshop.at\/index.php?rest_route=\/wp\/v2\/types\/product"}],"replies":[{"embeddable":true,"href":"https:\/\/www.re-elektroshop.at\/index.php?rest_route=%2Fwp%2Fv2%2Fcomments&post=9150"}],"wp:featuredmedia":[{"embeddable":true,"href":"https:\/\/www.re-elektroshop.at\/index.php?rest_route=\/wp\/v2\/media\/9151"}],"wp:attachment":[{"href":"https:\/\/www.re-elektroshop.at\/index.php?rest_route=%2Fwp%2Fv2%2Fmedia&parent=9150"}],"curies":[{"name":"wp","href":"https:\/\/api.w.org\/{rel}","templated":true}]}}