{"id":9169,"date":"2021-02-26T17:26:24","date_gmt":"2021-02-26T16:26:24","guid":{"rendered":"http:\/\/www.re-elektroshop.at\/?product=leistungsschuetz-11kw-22a-ac3-3polig-1s-230vac-vk3-2"},"modified":"2021-02-26T17:26:31","modified_gmt":"2021-02-26T16:26:31","slug":"leistungsschuetz-11kw-22a-ac3-3polig-1s-230vac-vk3-2","status":"publish","type":"product","link":"https:\/\/www.re-elektroshop.at\/?product=leistungsschuetz-11kw-22a-ac3-3polig-1s-230vac-vk3-2","title":{"rendered":"Leistungssch\u00fctz, 11kW, 22A AC3, 3polig, 1S, 230VAC + VK3"},"content":{"rendered":"<p>LA302213NV<\/p>\n<p>Systemsch\u00fctze f\u00fcr Motorabzweige Baugr\u00f6\u00dfe 3 Koordination Typ &#8222;1&#8220; 3~ 400VElektromechanische Sch\u00fctze Serie LA<\/p>\n","protected":false},"excerpt":{"rendered":"<p>LA302213NV Systemsch\u00fctze f\u00fcr Motorabzweige Baugr\u00f6\u00dfe 3 Koordination Typ &#8222;1&#8220; 3~ 400VElektromechanische Sch\u00fctze Serie LA<\/p>\n","protected":false},"featured_media":9170,"comment_status":"closed","ping_status":"open","template":"","meta":[],"_links":{"self":[{"href":"https:\/\/www.re-elektroshop.at\/index.php?rest_route=\/wp\/v2\/product\/9169"}],"collection":[{"href":"https:\/\/www.re-elektroshop.at\/index.php?rest_route=\/wp\/v2\/product"}],"about":[{"href":"https:\/\/www.re-elektroshop.at\/index.php?rest_route=\/wp\/v2\/types\/product"}],"replies":[{"embeddable":true,"href":"https:\/\/www.re-elektroshop.at\/index.php?rest_route=%2Fwp%2Fv2%2Fcomments&post=9169"}],"wp:featuredmedia":[{"embeddable":true,"href":"https:\/\/www.re-elektroshop.at\/index.php?rest_route=\/wp\/v2\/media\/9170"}],"wp:attachment":[{"href":"https:\/\/www.re-elektroshop.at\/index.php?rest_route=%2Fwp%2Fv2%2Fmedia&parent=9169"}],"curies":[{"name":"wp","href":"https:\/\/api.w.org\/{rel}","templated":true}]}}