{"id":9378,"date":"2021-02-26T17:28:24","date_gmt":"2021-02-26T16:28:24","guid":{"rendered":"http:\/\/www.re-elektroshop.at\/?product=leistungsschuetz-11kw-24a-ac3-50a-ac1-3polig-48vdc-2"},"modified":"2021-02-26T17:28:31","modified_gmt":"2021-02-26T16:28:31","slug":"leistungsschuetz-11kw-24a-ac3-50a-ac1-3polig-48vdc-2","status":"publish","type":"product","link":"https:\/\/www.re-elektroshop.at\/?product=leistungsschuetz-11kw-24a-ac3-50a-ac1-3polig-48vdc-2","title":{"rendered":"Leistungssch\u00fctz, 11kW, 24A AC3, 50A AC1, 3polig, 48VDC"},"content":{"rendered":"<p>LA302436&#8211;<\/p>\n<p>Leistungssch\u00fctze LA, Baugr\u00f6\u00dfe 3, 4 &#8211; 18,5kWElektromechanische Sch\u00fctze Serie LA<\/p>\n","protected":false},"excerpt":{"rendered":"<p>LA302436&#8211; Leistungssch\u00fctze LA, Baugr\u00f6\u00dfe 3, 4 &#8211; 18,5kWElektromechanische Sch\u00fctze Serie LA<\/p>\n","protected":false},"featured_media":9379,"comment_status":"closed","ping_status":"open","template":"","meta":[],"_links":{"self":[{"href":"https:\/\/www.re-elektroshop.at\/index.php?rest_route=\/wp\/v2\/product\/9378"}],"collection":[{"href":"https:\/\/www.re-elektroshop.at\/index.php?rest_route=\/wp\/v2\/product"}],"about":[{"href":"https:\/\/www.re-elektroshop.at\/index.php?rest_route=\/wp\/v2\/types\/product"}],"replies":[{"embeddable":true,"href":"https:\/\/www.re-elektroshop.at\/index.php?rest_route=%2Fwp%2Fv2%2Fcomments&post=9378"}],"wp:featuredmedia":[{"embeddable":true,"href":"https:\/\/www.re-elektroshop.at\/index.php?rest_route=\/wp\/v2\/media\/9379"}],"wp:attachment":[{"href":"https:\/\/www.re-elektroshop.at\/index.php?rest_route=%2Fwp%2Fv2%2Fmedia&parent=9378"}],"curies":[{"name":"wp","href":"https:\/\/api.w.org\/{rel}","templated":true}]}}