{"id":9431,"date":"2021-02-26T17:34:21","date_gmt":"2021-02-26T16:34:21","guid":{"rendered":"http:\/\/www.re-elektroshop.at\/?product=leistungsschuetz-15kw-32a-ac3-65a-ac1-3polig-24vdc-3"},"modified":"2021-02-26T17:34:31","modified_gmt":"2021-02-26T16:34:31","slug":"leistungsschuetz-15kw-32a-ac3-65a-ac1-3polig-24vdc-3","status":"publish","type":"product","link":"https:\/\/www.re-elektroshop.at\/?product=leistungsschuetz-15kw-32a-ac3-65a-ac1-3polig-24vdc-3","title":{"rendered":"Leistungssch\u00fctz, 15kW, 32A AC3, 65A AC1, 3polig, 24VDC"},"content":{"rendered":"<p>LA403235&#8211;<\/p>\n<p>Leistungssch\u00fctze LA, Baugr\u00f6\u00dfe 4, speziell f\u00fcr programmierbare SteuerungenElektromechanische Sch\u00fctze Serie LA<\/p>\n","protected":false},"excerpt":{"rendered":"<p>LA403235&#8211; Leistungssch\u00fctze LA, Baugr\u00f6\u00dfe 4, speziell f\u00fcr programmierbare SteuerungenElektromechanische Sch\u00fctze Serie LA<\/p>\n","protected":false},"featured_media":9432,"comment_status":"closed","ping_status":"open","template":"","meta":[],"_links":{"self":[{"href":"https:\/\/www.re-elektroshop.at\/index.php?rest_route=\/wp\/v2\/product\/9431"}],"collection":[{"href":"https:\/\/www.re-elektroshop.at\/index.php?rest_route=\/wp\/v2\/product"}],"about":[{"href":"https:\/\/www.re-elektroshop.at\/index.php?rest_route=\/wp\/v2\/types\/product"}],"replies":[{"embeddable":true,"href":"https:\/\/www.re-elektroshop.at\/index.php?rest_route=%2Fwp%2Fv2%2Fcomments&post=9431"}],"wp:featuredmedia":[{"embeddable":true,"href":"https:\/\/www.re-elektroshop.at\/index.php?rest_route=\/wp\/v2\/media\/9432"}],"wp:attachment":[{"href":"https:\/\/www.re-elektroshop.at\/index.php?rest_route=%2Fwp%2Fv2%2Fmedia&parent=9431"}],"curies":[{"name":"wp","href":"https:\/\/api.w.org\/{rel}","templated":true}]}}