{"id":9437,"date":"2021-02-26T17:29:16","date_gmt":"2021-02-26T16:29:16","guid":{"rendered":"http:\/\/www.re-elektroshop.at\/?product=leistungsschuetz-185kw-40a-ac3-80a-ac1-3polig-48vac-2"},"modified":"2021-02-26T17:29:16","modified_gmt":"2021-02-26T16:29:16","slug":"leistungsschuetz-185kw-40a-ac3-80a-ac1-3polig-48vac-2","status":"publish","type":"product","link":"https:\/\/www.re-elektroshop.at\/?product=leistungsschuetz-185kw-40a-ac3-80a-ac1-3polig-48vac-2","title":{"rendered":"Leistungssch\u00fctz, 18,5kW, 40A AC3, 80A AC1, 3polig, 48VAC"},"content":{"rendered":"<p>LA304031&#8211;<\/p>\n<p>Leistungssch\u00fctze LA, Baugr\u00f6\u00dfe 3, 4 &#8211; 18,5kWElektromechanische Sch\u00fctze Serie LA<\/p>\n","protected":false},"excerpt":{"rendered":"<p>LA304031&#8211; Leistungssch\u00fctze LA, Baugr\u00f6\u00dfe 3, 4 &#8211; 18,5kWElektromechanische Sch\u00fctze Serie LA<\/p>\n","protected":false},"featured_media":9438,"comment_status":"closed","ping_status":"open","template":"","meta":[],"_links":{"self":[{"href":"https:\/\/www.re-elektroshop.at\/index.php?rest_route=\/wp\/v2\/product\/9437"}],"collection":[{"href":"https:\/\/www.re-elektroshop.at\/index.php?rest_route=\/wp\/v2\/product"}],"about":[{"href":"https:\/\/www.re-elektroshop.at\/index.php?rest_route=\/wp\/v2\/types\/product"}],"replies":[{"embeddable":true,"href":"https:\/\/www.re-elektroshop.at\/index.php?rest_route=%2Fwp%2Fv2%2Fcomments&post=9437"}],"wp:featuredmedia":[{"embeddable":true,"href":"https:\/\/www.re-elektroshop.at\/index.php?rest_route=\/wp\/v2\/media\/9438"}],"wp:attachment":[{"href":"https:\/\/www.re-elektroshop.at\/index.php?rest_route=%2Fwp%2Fv2%2Fmedia&parent=9437"}],"curies":[{"name":"wp","href":"https:\/\/api.w.org\/{rel}","templated":true}]}}