{"id":9470,"date":"2021-02-26T17:29:16","date_gmt":"2021-02-26T16:29:16","guid":{"rendered":"http:\/\/www.re-elektroshop.at\/?product=leistungsschuetz-22kw-50a-ac3-110a-ac1-3polig-230vac-2"},"modified":"2021-02-26T17:29:32","modified_gmt":"2021-02-26T16:29:32","slug":"leistungsschuetz-22kw-50a-ac3-110a-ac1-3polig-230vac-2","status":"publish","type":"product","link":"https:\/\/www.re-elektroshop.at\/?product=leistungsschuetz-22kw-50a-ac3-110a-ac1-3polig-230vac-2","title":{"rendered":"Leistungssch\u00fctz, 22kW, 50A AC3, 110A AC1, 3polig, 230VAC"},"content":{"rendered":"<p>LA305033&#8211;<\/p>\n<p>Leistungssch\u00fctze LA, Baugr\u00f6\u00dfe 3, 22 &#8211; 90kWElektromechanische Sch\u00fctze Serie LA<\/p>\n","protected":false},"excerpt":{"rendered":"<p>LA305033&#8211; Leistungssch\u00fctze LA, Baugr\u00f6\u00dfe 3, 22 &#8211; 90kWElektromechanische Sch\u00fctze Serie LA<\/p>\n","protected":false},"featured_media":9471,"comment_status":"closed","ping_status":"open","template":"","meta":[],"_links":{"self":[{"href":"https:\/\/www.re-elektroshop.at\/index.php?rest_route=\/wp\/v2\/product\/9470"}],"collection":[{"href":"https:\/\/www.re-elektroshop.at\/index.php?rest_route=\/wp\/v2\/product"}],"about":[{"href":"https:\/\/www.re-elektroshop.at\/index.php?rest_route=\/wp\/v2\/types\/product"}],"replies":[{"embeddable":true,"href":"https:\/\/www.re-elektroshop.at\/index.php?rest_route=%2Fwp%2Fv2%2Fcomments&post=9470"}],"wp:featuredmedia":[{"embeddable":true,"href":"https:\/\/www.re-elektroshop.at\/index.php?rest_route=\/wp\/v2\/media\/9471"}],"wp:attachment":[{"href":"https:\/\/www.re-elektroshop.at\/index.php?rest_route=%2Fwp%2Fv2%2Fmedia&parent=9470"}],"curies":[{"name":"wp","href":"https:\/\/api.w.org\/{rel}","templated":true}]}}