{"id":9476,"date":"2021-02-26T17:29:35","date_gmt":"2021-02-26T16:29:35","guid":{"rendered":"http:\/\/www.re-elektroshop.at\/?product=leistungsschuetz-22-kw-50a-ac3-110a-ac1-4polig-230vac-2"},"modified":"2021-02-26T17:29:36","modified_gmt":"2021-02-26T16:29:36","slug":"leistungsschuetz-22-kw-50a-ac3-110a-ac1-4polig-230vac-2","status":"publish","type":"product","link":"https:\/\/www.re-elektroshop.at\/?product=leistungsschuetz-22-kw-50a-ac3-110a-ac1-4polig-230vac-2","title":{"rendered":"Leistungssch\u00fctz 22 kW, 50A AC3, 110A AC1, 4polig, 230VAC"},"content":{"rendered":"<p>LA305043&#8211;<\/p>\n<p>Leistungssch\u00fctze LA, Baugr\u00f6\u00dfe 2Elektromechanische Sch\u00fctze Serie LA<\/p>\n","protected":false},"excerpt":{"rendered":"<p>LA305043&#8211; Leistungssch\u00fctze LA, Baugr\u00f6\u00dfe 2Elektromechanische Sch\u00fctze Serie LA<\/p>\n","protected":false},"featured_media":9477,"comment_status":"closed","ping_status":"open","template":"","meta":[],"_links":{"self":[{"href":"https:\/\/www.re-elektroshop.at\/index.php?rest_route=\/wp\/v2\/product\/9476"}],"collection":[{"href":"https:\/\/www.re-elektroshop.at\/index.php?rest_route=\/wp\/v2\/product"}],"about":[{"href":"https:\/\/www.re-elektroshop.at\/index.php?rest_route=\/wp\/v2\/types\/product"}],"replies":[{"embeddable":true,"href":"https:\/\/www.re-elektroshop.at\/index.php?rest_route=%2Fwp%2Fv2%2Fcomments&post=9476"}],"wp:featuredmedia":[{"embeddable":true,"href":"https:\/\/www.re-elektroshop.at\/index.php?rest_route=\/wp\/v2\/media\/9477"}],"wp:attachment":[{"href":"https:\/\/www.re-elektroshop.at\/index.php?rest_route=%2Fwp%2Fv2%2Fmedia&parent=9476"}],"curies":[{"name":"wp","href":"https:\/\/api.w.org\/{rel}","templated":true}]}}