{"id":9558,"date":"2021-02-26T17:30:18","date_gmt":"2021-02-26T16:30:18","guid":{"rendered":"http:\/\/www.re-elektroshop.at\/?product=leistungsschuetz-30kw-62a-ac3-120a-ac1-3polig-400vac-2"},"modified":"2021-02-26T17:30:43","modified_gmt":"2021-02-26T16:30:43","slug":"leistungsschuetz-30kw-62a-ac3-120a-ac1-3polig-400vac-2","status":"publish","type":"product","link":"https:\/\/www.re-elektroshop.at\/?product=leistungsschuetz-30kw-62a-ac3-120a-ac1-3polig-400vac-2","title":{"rendered":"Leistungssch\u00fctz, 30kW, 62A AC3, 120A AC1, 3polig, 400VAC"},"content":{"rendered":"<p>LA306234&#8211;<\/p>\n<p>Leistungssch\u00fctze LA, Baugr\u00f6\u00dfe 3, 22 &#8211; 90kWElektromechanische Sch\u00fctze Serie LA<\/p>\n","protected":false},"excerpt":{"rendered":"<p>LA306234&#8211; Leistungssch\u00fctze LA, Baugr\u00f6\u00dfe 3, 22 &#8211; 90kWElektromechanische Sch\u00fctze Serie LA<\/p>\n","protected":false},"featured_media":9559,"comment_status":"closed","ping_status":"open","template":"","meta":[],"_links":{"self":[{"href":"https:\/\/www.re-elektroshop.at\/index.php?rest_route=\/wp\/v2\/product\/9558"}],"collection":[{"href":"https:\/\/www.re-elektroshop.at\/index.php?rest_route=\/wp\/v2\/product"}],"about":[{"href":"https:\/\/www.re-elektroshop.at\/index.php?rest_route=\/wp\/v2\/types\/product"}],"replies":[{"embeddable":true,"href":"https:\/\/www.re-elektroshop.at\/index.php?rest_route=%2Fwp%2Fv2%2Fcomments&post=9558"}],"wp:featuredmedia":[{"embeddable":true,"href":"https:\/\/www.re-elektroshop.at\/index.php?rest_route=\/wp\/v2\/media\/9559"}],"wp:attachment":[{"href":"https:\/\/www.re-elektroshop.at\/index.php?rest_route=%2Fwp%2Fv2%2Fmedia&parent=9558"}],"curies":[{"name":"wp","href":"https:\/\/api.w.org\/{rel}","templated":true}]}}