{"id":9592,"date":"2021-02-26T17:30:51","date_gmt":"2021-02-26T16:30:51","guid":{"rendered":"http:\/\/www.re-elektroshop.at\/?product=leistungsschuetz-55kw-115a-ac3-200a-ac1-3polig-230vac-dc-2"},"modified":"2021-02-26T17:31:08","modified_gmt":"2021-02-26T16:31:08","slug":"leistungsschuetz-55kw-115a-ac3-200a-ac1-3polig-230vac-dc-2","status":"publish","type":"product","link":"https:\/\/www.re-elektroshop.at\/?product=leistungsschuetz-55kw-115a-ac3-200a-ac1-3polig-230vac-dc-2","title":{"rendered":"Leistungssch\u00fctz, 55kW, 115A AC3, 200A AC1, 3polig, 230VAC\/DC"},"content":{"rendered":"<p>LA311533&#8211;<\/p>\n<p>Leistungssch\u00fctze LA, Baugr\u00f6\u00dfe 3, 22 &#8211; 90kWElektromechanische Sch\u00fctze Serie LA<\/p>\n","protected":false},"excerpt":{"rendered":"<p>LA311533&#8211; Leistungssch\u00fctze LA, Baugr\u00f6\u00dfe 3, 22 &#8211; 90kWElektromechanische Sch\u00fctze Serie LA<\/p>\n","protected":false},"featured_media":9593,"comment_status":"closed","ping_status":"open","template":"","meta":[],"_links":{"self":[{"href":"https:\/\/www.re-elektroshop.at\/index.php?rest_route=\/wp\/v2\/product\/9592"}],"collection":[{"href":"https:\/\/www.re-elektroshop.at\/index.php?rest_route=\/wp\/v2\/product"}],"about":[{"href":"https:\/\/www.re-elektroshop.at\/index.php?rest_route=\/wp\/v2\/types\/product"}],"replies":[{"embeddable":true,"href":"https:\/\/www.re-elektroshop.at\/index.php?rest_route=%2Fwp%2Fv2%2Fcomments&post=9592"}],"wp:featuredmedia":[{"embeddable":true,"href":"https:\/\/www.re-elektroshop.at\/index.php?rest_route=\/wp\/v2\/media\/9593"}],"wp:attachment":[{"href":"https:\/\/www.re-elektroshop.at\/index.php?rest_route=%2Fwp%2Fv2%2Fmedia&parent=9592"}],"curies":[{"name":"wp","href":"https:\/\/api.w.org\/{rel}","templated":true}]}}