{"id":9672,"date":"2021-02-26T17:31:41","date_gmt":"2021-02-26T16:31:41","guid":{"rendered":"http:\/\/www.re-elektroshop.at\/?product=leistungsschuetz-300kw-550a-ac3-760a-ac1-3polig-230vac-dc-2"},"modified":"2021-02-26T17:32:15","modified_gmt":"2021-02-26T16:32:15","slug":"leistungsschuetz-300kw-550a-ac3-760a-ac1-3polig-230vac-dc-2","status":"publish","type":"product","link":"https:\/\/www.re-elektroshop.at\/?product=leistungsschuetz-300kw-550a-ac3-760a-ac1-3polig-230vac-dc-2","title":{"rendered":"Leistungssch\u00fctz 300kW, 550A AC3, 760A AC1, 3polig, 230VAC\/DC"},"content":{"rendered":"<p>LA35500H&#8211;<\/p>\n<p>Leistungssch\u00fctze LA, Baugr\u00f6\u00dfe 3, 110 &#8211; 300kWElektromechanische Sch\u00fctze Serie LA<\/p>\n","protected":false},"excerpt":{"rendered":"<p>LA35500H&#8211; Leistungssch\u00fctze LA, Baugr\u00f6\u00dfe 3, 110 &#8211; 300kWElektromechanische Sch\u00fctze Serie LA<\/p>\n","protected":false},"featured_media":9673,"comment_status":"closed","ping_status":"open","template":"","meta":[],"_links":{"self":[{"href":"https:\/\/www.re-elektroshop.at\/index.php?rest_route=\/wp\/v2\/product\/9672"}],"collection":[{"href":"https:\/\/www.re-elektroshop.at\/index.php?rest_route=\/wp\/v2\/product"}],"about":[{"href":"https:\/\/www.re-elektroshop.at\/index.php?rest_route=\/wp\/v2\/types\/product"}],"replies":[{"embeddable":true,"href":"https:\/\/www.re-elektroshop.at\/index.php?rest_route=%2Fwp%2Fv2%2Fcomments&post=9672"}],"wp:featuredmedia":[{"embeddable":true,"href":"https:\/\/www.re-elektroshop.at\/index.php?rest_route=\/wp\/v2\/media\/9673"}],"wp:attachment":[{"href":"https:\/\/www.re-elektroshop.at\/index.php?rest_route=%2Fwp%2Fv2%2Fmedia&parent=9672"}],"curies":[{"name":"wp","href":"https:\/\/api.w.org\/{rel}","templated":true}]}}