{"id":9683,"date":"2021-02-26T17:32:17","date_gmt":"2021-02-26T16:32:17","guid":{"rendered":"http:\/\/www.re-elektroshop.at\/?product=wendeschuetzkombination-32a-15kw-230vac-2"},"modified":"2021-02-26T17:32:31","modified_gmt":"2021-02-26T16:32:31","slug":"wendeschuetzkombination-32a-15kw-230vac-2","status":"publish","type":"product","link":"https:\/\/www.re-elektroshop.at\/?product=wendeschuetzkombination-32a-15kw-230vac-2","title":{"rendered":"Wendesch\u00fctzkombination 32A, 15kW, 230VAC"},"content":{"rendered":"<p>LA3W32W3&#8211;<\/p>\n<p>Wende-Sch\u00fctzkombinationen LA, Baugr\u00f6\u00dfe 3Wende-Sch\u00fctzkombinationen Serie LA.W<\/p>\n","protected":false},"excerpt":{"rendered":"<p>LA3W32W3&#8211; Wende-Sch\u00fctzkombinationen LA, Baugr\u00f6\u00dfe 3Wende-Sch\u00fctzkombinationen Serie LA.W<\/p>\n","protected":false},"featured_media":9684,"comment_status":"closed","ping_status":"open","template":"","meta":[],"_links":{"self":[{"href":"https:\/\/www.re-elektroshop.at\/index.php?rest_route=\/wp\/v2\/product\/9683"}],"collection":[{"href":"https:\/\/www.re-elektroshop.at\/index.php?rest_route=\/wp\/v2\/product"}],"about":[{"href":"https:\/\/www.re-elektroshop.at\/index.php?rest_route=\/wp\/v2\/types\/product"}],"replies":[{"embeddable":true,"href":"https:\/\/www.re-elektroshop.at\/index.php?rest_route=%2Fwp%2Fv2%2Fcomments&post=9683"}],"wp:featuredmedia":[{"embeddable":true,"href":"https:\/\/www.re-elektroshop.at\/index.php?rest_route=\/wp\/v2\/media\/9684"}],"wp:attachment":[{"href":"https:\/\/www.re-elektroshop.at\/index.php?rest_route=%2Fwp%2Fv2%2Fmedia&parent=9683"}],"curies":[{"name":"wp","href":"https:\/\/api.w.org\/{rel}","templated":true}]}}