{"id":9689,"date":"2021-02-26T17:32:17","date_gmt":"2021-02-26T16:32:17","guid":{"rendered":"http:\/\/www.re-elektroshop.at\/?product=stern-dreieck-schuetzkombination-109a-55kw-230vac-2"},"modified":"2021-08-12T13:19:16","modified_gmt":"2021-08-12T11:19:16","slug":"stern-dreieck-schuetzkombination-109a-55kw-230vac-2","status":"publish","type":"product","link":"https:\/\/www.re-elektroshop.at\/?product=stern-dreieck-schuetzkombination-109a-55kw-230vac-2","title":{"rendered":"Stern-Dreieck-Sch\u00fctzkombination 109A, 55kW, 230VAC"},"content":{"rendered":"<p>LA3Y1AY3&#8211;<\/p>\n<p>Stern-Dreieck Sch\u00fctzkombinationen LA, Baugr\u00f6\u00dfe 3Stern-Dreieck Sch\u00fctzkombinationen Serie LA.Y<\/p>\n","protected":false},"excerpt":{"rendered":"<p>LA3Y1AY3&#8211; Stern-Dreieck Sch\u00fctzkombinationen LA, Baugr\u00f6\u00dfe 3Stern-Dreieck Sch\u00fctzkombinationen Serie LA.Y<\/p>\n","protected":false},"featured_media":9690,"comment_status":"closed","ping_status":"closed","template":"","meta":[],"_links":{"self":[{"href":"https:\/\/www.re-elektroshop.at\/index.php?rest_route=\/wp\/v2\/product\/9689"}],"collection":[{"href":"https:\/\/www.re-elektroshop.at\/index.php?rest_route=\/wp\/v2\/product"}],"about":[{"href":"https:\/\/www.re-elektroshop.at\/index.php?rest_route=\/wp\/v2\/types\/product"}],"replies":[{"embeddable":true,"href":"https:\/\/www.re-elektroshop.at\/index.php?rest_route=%2Fwp%2Fv2%2Fcomments&post=9689"}],"wp:featuredmedia":[{"embeddable":true,"href":"https:\/\/www.re-elektroshop.at\/index.php?rest_route=\/wp\/v2\/media\/9690"}],"wp:attachment":[{"href":"https:\/\/www.re-elektroshop.at\/index.php?rest_route=%2Fwp%2Fv2%2Fmedia&parent=9689"}],"curies":[{"name":"wp","href":"https:\/\/api.w.org\/{rel}","templated":true}]}}