{"id":9703,"date":"2021-02-26T17:32:17","date_gmt":"2021-02-26T16:32:17","guid":{"rendered":"http:\/\/www.re-elektroshop.at\/?product=endstueck-erdspiess-fuer-new-myra-12-leuchtenkoepfe-silbergrau-2"},"modified":"2021-02-26T17:33:07","modified_gmt":"2021-02-26T16:33:07","slug":"endstueck-erdspiess-fuer-new-myra-12-leuchtenkoepfe-silbergrau-2","status":"publish","type":"product","link":"https:\/\/www.re-elektroshop.at\/?product=endstueck-erdspiess-fuer-new-myra-12-leuchtenkoepfe-silbergrau-2","title":{"rendered":"Endst\u00fcck\/Erdspie\u00df f\u00fcr NEW MYRA 1&#038;2 Leuchtenk\u00f6pfe, silbergrau"},"content":{"rendered":"<p>LI233154&#8211;<\/p>\n<p>Erdspie\u00dfZubeh\u00f6r<\/p>\n","protected":false},"excerpt":{"rendered":"<p>LI233154&#8211; Erdspie\u00dfZubeh\u00f6r<\/p>\n","protected":false},"featured_media":9704,"comment_status":"closed","ping_status":"open","template":"","meta":[],"_links":{"self":[{"href":"https:\/\/www.re-elektroshop.at\/index.php?rest_route=\/wp\/v2\/product\/9703"}],"collection":[{"href":"https:\/\/www.re-elektroshop.at\/index.php?rest_route=\/wp\/v2\/product"}],"about":[{"href":"https:\/\/www.re-elektroshop.at\/index.php?rest_route=\/wp\/v2\/types\/product"}],"replies":[{"embeddable":true,"href":"https:\/\/www.re-elektroshop.at\/index.php?rest_route=%2Fwp%2Fv2%2Fcomments&post=9703"}],"wp:featuredmedia":[{"embeddable":true,"href":"https:\/\/www.re-elektroshop.at\/index.php?rest_route=\/wp\/v2\/media\/9704"}],"wp:attachment":[{"href":"https:\/\/www.re-elektroshop.at\/index.php?rest_route=%2Fwp%2Fv2%2Fmedia&parent=9703"}],"curies":[{"name":"wp","href":"https:\/\/api.w.org\/{rel}","templated":true}]}}