{"id":9790,"date":"2021-02-26T17:34:49","date_gmt":"2021-02-26T16:34:49","guid":{"rendered":"http:\/\/www.re-elektroshop.at\/?product=mikro-leistungsschuetz-22kw-5a-ac3-3-polig-1s-24vdc-2"},"modified":"2021-02-26T17:34:53","modified_gmt":"2021-02-26T16:34:53","slug":"mikro-leistungsschuetz-22kw-5a-ac3-3-polig-1s-24vdc-2","status":"publish","type":"product","link":"https:\/\/www.re-elektroshop.at\/?product=mikro-leistungsschuetz-22kw-5a-ac3-3-polig-1s-24vdc-2","title":{"rendered":"Mikro-Leistungssch\u00fctz, 2,2kW, 5A AC3, 3-polig, 1S, 24VDC"},"content":{"rendered":"<p>LAMD0515&#8211;<\/p>\n<p>Mikro Leistungssch\u00fctze LA, Baugr\u00f6\u00dfe MElektromechanische Sch\u00fctze Serie LA<\/p>\n","protected":false},"excerpt":{"rendered":"<p>LAMD0515&#8211; Mikro Leistungssch\u00fctze LA, Baugr\u00f6\u00dfe MElektromechanische Sch\u00fctze Serie LA<\/p>\n","protected":false},"featured_media":9791,"comment_status":"closed","ping_status":"open","template":"","meta":[],"_links":{"self":[{"href":"https:\/\/www.re-elektroshop.at\/index.php?rest_route=\/wp\/v2\/product\/9790"}],"collection":[{"href":"https:\/\/www.re-elektroshop.at\/index.php?rest_route=\/wp\/v2\/product"}],"about":[{"href":"https:\/\/www.re-elektroshop.at\/index.php?rest_route=\/wp\/v2\/types\/product"}],"replies":[{"embeddable":true,"href":"https:\/\/www.re-elektroshop.at\/index.php?rest_route=%2Fwp%2Fv2%2Fcomments&post=9790"}],"wp:featuredmedia":[{"embeddable":true,"href":"https:\/\/www.re-elektroshop.at\/index.php?rest_route=\/wp\/v2\/media\/9791"}],"wp:attachment":[{"href":"https:\/\/www.re-elektroshop.at\/index.php?rest_route=%2Fwp%2Fv2%2Fmedia&parent=9790"}],"curies":[{"name":"wp","href":"https:\/\/api.w.org\/{rel}","templated":true}]}}