{"id":9877,"date":"2021-02-26T17:35:53","date_gmt":"2021-02-26T16:35:53","guid":{"rendered":"http:\/\/www.re-elektroshop.at\/?product=mikro-hilfschuetz-3a-2s2oe-24vdc-2"},"modified":"2021-02-26T17:35:58","modified_gmt":"2021-02-26T16:35:58","slug":"mikro-hilfschuetz-3a-2s2oe-24vdc-2","status":"publish","type":"product","link":"https:\/\/www.re-elektroshop.at\/?product=mikro-hilfschuetz-3a-2s2oe-24vdc-2","title":{"rendered":"Mikro-Hilfsch\u00fctz, 3A, 2S+2\u00d6, 24VDC"},"content":{"rendered":"<p>LAMH0395&#8211;<\/p>\n<p>Mikro Hilfssch\u00fctze LA, Baugr\u00f6\u00dfe MElektromechanische Sch\u00fctze Serie LA<\/p>\n","protected":false},"excerpt":{"rendered":"<p>LAMH0395&#8211; Mikro Hilfssch\u00fctze LA, Baugr\u00f6\u00dfe MElektromechanische Sch\u00fctze Serie LA<\/p>\n","protected":false},"featured_media":9878,"comment_status":"closed","ping_status":"open","template":"","meta":[],"_links":{"self":[{"href":"https:\/\/www.re-elektroshop.at\/index.php?rest_route=\/wp\/v2\/product\/9877"}],"collection":[{"href":"https:\/\/www.re-elektroshop.at\/index.php?rest_route=\/wp\/v2\/product"}],"about":[{"href":"https:\/\/www.re-elektroshop.at\/index.php?rest_route=\/wp\/v2\/types\/product"}],"replies":[{"embeddable":true,"href":"https:\/\/www.re-elektroshop.at\/index.php?rest_route=%2Fwp%2Fv2%2Fcomments&post=9877"}],"wp:featuredmedia":[{"embeddable":true,"href":"https:\/\/www.re-elektroshop.at\/index.php?rest_route=\/wp\/v2\/media\/9878"}],"wp:attachment":[{"href":"https:\/\/www.re-elektroshop.at\/index.php?rest_route=%2Fwp%2Fv2%2Fmedia&parent=9877"}],"curies":[{"name":"wp","href":"https:\/\/api.w.org\/{rel}","templated":true}]}}