{"id":9879,"date":"2021-02-26T17:36:57","date_gmt":"2021-02-26T16:36:57","guid":{"rendered":"http:\/\/www.re-elektroshop.at\/?product=mikro-wendeschuetzkombination-mech-verriegelt-22kw-24vdc-3"},"modified":"2021-02-26T17:37:08","modified_gmt":"2021-02-26T16:37:08","slug":"mikro-wendeschuetzkombination-mech-verriegelt-22kw-24vdc-3","status":"publish","type":"product","link":"https:\/\/www.re-elektroshop.at\/?product=mikro-wendeschuetzkombination-mech-verriegelt-22kw-24vdc-3","title":{"rendered":"Mikro-Wendesch\u00fctzkombination mech. verriegelt, 2,2kW, 24VDC"},"content":{"rendered":"<p>LAMW0525&#8211;<\/p>\n<p>Wende-Sch\u00fctzkombinationen LA, Baugr\u00f6\u00dfe MWende-Sch\u00fctzkombinationen Serie LA.W<\/p>\n","protected":false},"excerpt":{"rendered":"<p>LAMW0525&#8211; Wende-Sch\u00fctzkombinationen LA, Baugr\u00f6\u00dfe MWende-Sch\u00fctzkombinationen Serie LA.W<\/p>\n","protected":false},"featured_media":9880,"comment_status":"closed","ping_status":"open","template":"","meta":[],"_links":{"self":[{"href":"https:\/\/www.re-elektroshop.at\/index.php?rest_route=\/wp\/v2\/product\/9879"}],"collection":[{"href":"https:\/\/www.re-elektroshop.at\/index.php?rest_route=\/wp\/v2\/product"}],"about":[{"href":"https:\/\/www.re-elektroshop.at\/index.php?rest_route=\/wp\/v2\/types\/product"}],"replies":[{"embeddable":true,"href":"https:\/\/www.re-elektroshop.at\/index.php?rest_route=%2Fwp%2Fv2%2Fcomments&post=9879"}],"wp:featuredmedia":[{"embeddable":true,"href":"https:\/\/www.re-elektroshop.at\/index.php?rest_route=\/wp\/v2\/media\/9880"}],"wp:attachment":[{"href":"https:\/\/www.re-elektroshop.at\/index.php?rest_route=%2Fwp%2Fv2%2Fmedia&parent=9879"}],"curies":[{"name":"wp","href":"https:\/\/api.w.org\/{rel}","templated":true}]}}